{"id":2985,"date":"2023-10-29T16:02:43","date_gmt":"2023-10-29T19:02:43","guid":{"rendered":"https:\/\/cliente.onmx.com.br\/index.php\/login\/"},"modified":"2023-10-30T11:51:22","modified_gmt":"2023-10-30T14:51:22","slug":"login","status":"publish","type":"page","link":"https:\/\/cliente.onmx.com.br\/","title":{"rendered":"Acessar"},"content":{"rendered":"\t\t<div data-elementor-type=\"wp-page\" data-elementor-id=\"2985\" class=\"elementor elementor-2985\" data-elementor-post-type=\"page\">\n\t\t\t\t<div class=\"elementor-element elementor-element-6f0fb85 e-con-full jedv-enabled--yes e-flex e-con e-parent\" data-id=\"6f0fb85\" data-element_type=\"container\" data-settings=\"{&quot;jet_parallax_layout_list&quot;:[]}\">\n\t\t<div class=\"elementor-element elementor-element-c488360 e-con-full e-flex e-con e-child\" data-id=\"c488360\" data-element_type=\"container\" data-settings=\"{&quot;background_background&quot;:&quot;classic&quot;,&quot;jet_parallax_layout_list&quot;:[]}\">\n\t\t\t\t<div class=\"elementor-element elementor-element-ae2de20 elementor-view-default elementor-widget elementor-widget-icon\" data-id=\"ae2de20\" data-element_type=\"widget\" data-widget_type=\"icon.default\">\n\t\t\t\t<div class=\"elementor-widget-container\">\n\t\t\t\t\t<div class=\"elementor-icon-wrapper\">\n\t\t\t<div class=\"elementor-icon\">\n\t\t\t<svg xmlns=\"http:\/\/www.w3.org\/2000\/svg\" xmlns:xlink=\"http:\/\/www.w3.org\/1999\/xlink\" id=\"Layer_1\" x=\"0px\" y=\"0px\" viewBox=\"0 0 134 28\" xml:space=\"preserve\"><path d=\"M0,13.7C0,6.2,6.1,0.1,13.8,0.1c7.7,0,13.7,6.2,13.7,13.6c0,7.5-6,13.8-13.7,13.8C6,27.5,0,21.3,0,13.7z M24.1,13.8  c0-5.7-4.6-10.5-10.4-10.5S3.3,8,3.3,13.8c0,5.7,4.6,10.5,10.4,10.5C19.6,24.3,24.1,19.5,24.1,13.8z\"><\/path><path d=\"M33,13.8v13.7h-3.3v-14c0-7.6,4.6-13.4,12.5-13.4s12.7,5.8,12.7,13.4v14h-3.3V13.8c0-5.6-3.3-10.6-9.4-10.6S33,8.2,33,13.8  L33,13.8z\"><\/path><path d=\"M102.9,13v14.4h-3.3V13.5C99.5,8,96.6,3.2,91,3.2c-5.6,0-8.4,4.6-8.4,10.1v14.1h-3.3V13.4c0-5.6-3-10.2-8.5-10.2  c-5.5,0-8.3,4.8-8.3,10.3v14h-3.3V13.1C59.2,5.7,63.3,0,70.6,0c5.4,0,9.3,3.2,10.5,7.8C82.3,3.2,86,0,91.2,0  C98.6,0,102.9,5.7,102.9,13L102.9,13z\"><\/path><path d=\"M107.2,27.4l7.1-10.4c0.8-1.2,1.2-2.3,1.2-3.3c0-1-0.4-2-1.1-3.2L107.2,0h3.8l6.1,8.9c0.7,1,1.1,2,1.3,3.1h3.4  c0.2-1.1,0.7-2.1,1.3-3.1l6-8.9h3.9L126,10.6c-0.8,1.1-1.1,2.1-1.1,3.2c0,1.1,0.4,2.1,1.2,3.3l7.1,10.4h-3.8l-6.1-8.9  c-0.7-1.1-1.2-2.2-1.4-3.3h-3.3c-0.2,1.1-0.6,2.3-1.4,3.3l-6.1,8.9H107.2L107.2,27.4z\"><\/path><\/svg>\t\t\t<\/div>\n\t\t<\/div>\n\t\t\t\t<\/div>\n\t\t\t\t<\/div>\n\t\t\t\t<\/div>\n\t\t<div class=\"elementor-element elementor-element-2d4e8a8 e-con-full e-flex e-con e-child\" data-id=\"2d4e8a8\" data-element_type=\"container\" data-settings=\"{&quot;position&quot;:&quot;fixed&quot;,&quot;jet_parallax_layout_list&quot;:[]}\">\n\t\t\t\t<div class=\"elementor-element elementor-element-54fb25a elementor-widget elementor-widget-heading\" data-id=\"54fb25a\" data-element_type=\"widget\" data-widget_type=\"heading.default\">\n\t\t\t\t<div class=\"elementor-widget-container\">\n\t\t\t<style>\/*! elementor - v3.21.0 - 26-05-2024 *\/\n.elementor-heading-title{padding:0;margin:0;line-height:1}.elementor-widget-heading .elementor-heading-title[class*=elementor-size-]>a{color:inherit;font-size:inherit;line-height:inherit}.elementor-widget-heading .elementor-heading-title.elementor-size-small{font-size:15px}.elementor-widget-heading .elementor-heading-title.elementor-size-medium{font-size:19px}.elementor-widget-heading .elementor-heading-title.elementor-size-large{font-size:29px}.elementor-widget-heading .elementor-heading-title.elementor-size-xl{font-size:39px}.elementor-widget-heading .elementor-heading-title.elementor-size-xxl{font-size:59px}<\/style><h2 class=\"elementor-heading-title elementor-size-default\">Idioma: Portugu\u00eas<\/h2>\t\t<\/div>\n\t\t\t\t<\/div>\n\t\t\t\t<\/div>\n\t\t<div class=\"elementor-element elementor-element-818f6bf e-con-full e-flex e-con e-child\" data-id=\"818f6bf\" data-element_type=\"container\" data-settings=\"{&quot;jet_parallax_layout_list&quot;:[]}\">\n\t\t<div class=\"elementor-element elementor-element-e96b8c7 jedv-enabled--yes e-flex e-con-boxed e-con e-child\" data-id=\"e96b8c7\" data-element_type=\"container\" data-settings=\"{&quot;jet_parallax_layout_list&quot;:[]}\">\n\t\t\t\t\t<div class=\"e-con-inner\">\n\t\t\t\t<div class=\"elementor-element elementor-element-115802f elementor-widget elementor-widget-heading\" data-id=\"115802f\" data-element_type=\"widget\" data-widget_type=\"heading.default\">\n\t\t\t\t<div class=\"elementor-widget-container\">\n\t\t\t<h2 class=\"elementor-heading-title elementor-size-default\">Bem vindo(a)<br>\u00e1 Onmx, sua plataforma<br>de design por assinatura<\/h2>\t\t<\/div>\n\t\t\t\t<\/div>\n\t\t\t\t<div class=\"elementor-element elementor-element-86422ef elementor-widget elementor-widget-spacer\" data-id=\"86422ef\" data-element_type=\"widget\" data-widget_type=\"spacer.default\">\n\t\t\t\t<div class=\"elementor-widget-container\">\n\t\t\t<style>\/*! elementor - v3.21.0 - 26-05-2024 *\/\n.elementor-column .elementor-spacer-inner{height:var(--spacer-size)}.e-con{--container-widget-width:100%}.e-con-inner>.elementor-widget-spacer,.e-con>.elementor-widget-spacer{width:var(--container-widget-width,var(--spacer-size));--align-self:var(--container-widget-align-self,initial);--flex-shrink:0}.e-con-inner>.elementor-widget-spacer>.elementor-widget-container,.e-con>.elementor-widget-spacer>.elementor-widget-container{height:100%;width:100%}.e-con-inner>.elementor-widget-spacer>.elementor-widget-container>.elementor-spacer,.e-con>.elementor-widget-spacer>.elementor-widget-container>.elementor-spacer{height:100%}.e-con-inner>.elementor-widget-spacer>.elementor-widget-container>.elementor-spacer>.elementor-spacer-inner,.e-con>.elementor-widget-spacer>.elementor-widget-container>.elementor-spacer>.elementor-spacer-inner{height:var(--container-widget-height,var(--spacer-size))}.e-con-inner>.elementor-widget-spacer.elementor-widget-empty,.e-con>.elementor-widget-spacer.elementor-widget-empty{position:relative;min-height:22px;min-width:22px}.e-con-inner>.elementor-widget-spacer.elementor-widget-empty .elementor-widget-empty-icon,.e-con>.elementor-widget-spacer.elementor-widget-empty .elementor-widget-empty-icon{position:absolute;top:0;bottom:0;left:0;right:0;margin:auto;padding:0;width:22px;height:22px}<\/style>\t\t<div class=\"elementor-spacer\">\n\t\t\t<div class=\"elementor-spacer-inner\"><\/div>\n\t\t<\/div>\n\t\t\t\t<\/div>\n\t\t\t\t<\/div>\n\t\t\t\t<div class=\"elementor-element elementor-element-62e5c7e elementor-widget elementor-widget-spacer\" data-id=\"62e5c7e\" data-element_type=\"widget\" data-widget_type=\"spacer.default\">\n\t\t\t\t<div class=\"elementor-widget-container\">\n\t\t\t\t\t<div class=\"elementor-spacer\">\n\t\t\t<div class=\"elementor-spacer-inner\"><\/div>\n\t\t<\/div>\n\t\t\t\t<\/div>\n\t\t\t\t<\/div>\n\t\t\t\t<div class=\"elementor-element elementor-element-a84e889 elementor-widget elementor-widget-heading\" data-id=\"a84e889\" data-element_type=\"widget\" data-widget_type=\"heading.default\">\n\t\t\t\t<div class=\"elementor-widget-container\">\n\t\t\t<h2 class=\"elementor-heading-title elementor-size-default\">Para continuar, preencha os campos\nabaixo e inicie sua sess\u00e3o.<\/h2>\t\t<\/div>\n\t\t\t\t<\/div>\n\t\t\t\t<div class=\"elementor-element elementor-element-36258bf elementor-widget elementor-widget-spacer\" data-id=\"36258bf\" data-element_type=\"widget\" data-widget_type=\"spacer.default\">\n\t\t\t\t<div class=\"elementor-widget-container\">\n\t\t\t\t\t<div class=\"elementor-spacer\">\n\t\t\t<div class=\"elementor-spacer-inner\"><\/div>\n\t\t<\/div>\n\t\t\t\t<\/div>\n\t\t\t\t<\/div>\n\t\t\t\t<div class=\"elementor-element elementor-element-d31380e form jedv-enabled--yes elementor-widget elementor-widget-jet-form-builder-form\" data-id=\"d31380e\" data-element_type=\"widget\" data-widget_type=\"jet-form-builder-form.default\">\n\t\t\t\t<div class=\"elementor-widget-container\">\n\t\t\t<link rel='stylesheet' id='wp-block-library-css' href='https:\/\/cliente.onmx.com.br\/wp-includes\/css\/dist\/block-library\/style.min.css?ver=6.5.4' media='all' \/>\n<style id=\"jet-form-builder-2637-inline-css\"><\/style><form  class=\"jet-form-builder layout-column submit-type-reload\" action=\"https:\/\/cliente.onmx.com.br\/wp-json\/wp\/v2\/pages\/2985\/?jet_form_builder_submit=submit&amp;method=reload\" method=\"POST\" data-form-id=\"2637\" data-layout=\"column\" enctype=\"multipart\/form-data\" novalidate=\"null\"><input type=\"hidden\" id=\"_wpnonce\" name=\"_wpnonce\" value=\"aceb417668\" \/><input type=\"hidden\" name=\"_wp_http_referer\" value=\"\/index.php\/wp-json\/wp\/v2\/pages\/2985\" \/>\r\n<input type=\"hidden\" name=\"_jfb_current_render_states[]\" value=\"DEFAULT.STATE\" data-jfb-sync \/><input type=\"hidden\" class=\"jet-form-builder__field hidden-field\" name=\"_jet_engine_booking_form_id\" data-field-name=\"_jet_engine_booking_form_id\" value=\"2637\">\n<input type=\"hidden\" class=\"jet-form-builder__field hidden-field\" name=\"_jet_engine_refer\" data-field-name=\"_jet_engine_refer\" value=\"https:\/\/cliente.onmx.com.br\/wp-json\/wp\/v2\/pages\/2985\/\">\n<input type=\"hidden\" class=\"jet-form-builder__field hidden-field\" name=\"__queried_post_id\" data-field-name=\"__queried_post_id\" value=\"2985\">\n\n<input type=\"hidden\" class=\"jet-form-builder__field hidden-field\" name=\"post_id\" data-field-name=\"post_id\" data-jfb-sync=\"null\" value=\"2985\">\n\n\n\n<div  class=\"jet-form-builder-row field-type-text-field\" >\n<div class=\"jet-form-builder__field-wrap\">\n\t\t\t\t<input placeholder=\"User\" name=\"login\" id=\"login\" type=\"text\" data-field-name=\"login\" class=\"jet-form-builder__field text-field\" data-jfb-sync=\"null\">\n\t\t\t\t\t<\/div>\n<\/div>\n\n<div  class=\"jet-form-builder-row field-type-text-field\" >\n<div class=\"jet-form-builder__field-wrap\">\n\t\t\t\t<input placeholder=\"Senha\" name=\"senha\" id=\"senha\" type=\"password\" data-field-name=\"senha\" class=\"jet-form-builder__field text-field\" data-jfb-sync=\"null\">\n\t\t\t\t\t<\/div>\n<\/div>\n\n<div  class=\"jet-form-builder-row field-type-checkbox-field\" >\n<div class=\"jet-form-builder__fields-group checkradio-wrap\" data-jfb-sync><div class=\"jet-form-builder__field-wrap checkboxes-wrap checkradio-wrap\"><label class=\"jet-form-builder__field-label for-checkbox\">\n<input type=\"checkbox\" name=\"senha_copy\" value=\"lembrar-senha\" data-field-name=\"senha_copy\"  class=\"jet-form-builder__field checkboxes-field checkradio-field\"><span>Lembrar da Senha<\/span><\/label><\/div><\/div>\n<\/div>\n\n<div  class=\"jet-form-builder-row field-type-submit-field\" >\n\t<div data-type=\"submit\" class=\"jet-form-builder__action-button-wrapper jet-form-builder__submit-wrap\">\n\t<button class=\"jet-form-builder__action-button jet-form-builder__submit submit-type-reload\" type=\"submit\">Submit<\/button>\n\t<\/div>\n\t\n<\/div>\t<div class=\"jet-form-builder-messages-wrap\" data-form-id=\"2637\"><\/div>\n<\/form>\n\t\t<\/div>\n\t\t\t\t<\/div>\n\t\t\t\t<div class=\"elementor-element elementor-element-3ec21a0 elementor-widget elementor-widget-spacer\" data-id=\"3ec21a0\" data-element_type=\"widget\" data-widget_type=\"spacer.default\">\n\t\t\t\t<div class=\"elementor-widget-container\">\n\t\t\t\t\t<div class=\"elementor-spacer\">\n\t\t\t<div class=\"elementor-spacer-inner\"><\/div>\n\t\t<\/div>\n\t\t\t\t<\/div>\n\t\t\t\t<\/div>\n\t\t<div class=\"elementor-element elementor-element-03da286 e-flex e-con-boxed e-con e-child\" data-id=\"03da286\" data-element_type=\"container\" data-settings=\"{&quot;jet_parallax_layout_list&quot;:[]}\">\n\t\t\t\t\t<div class=\"e-con-inner\">\n\t\t\t\t<div class=\"elementor-element elementor-element-dc6037c elementor-widget elementor-widget-heading\" data-id=\"dc6037c\" data-element_type=\"widget\" data-widget_type=\"heading.default\">\n\t\t\t\t<div class=\"elementor-widget-container\">\n\t\t\t<h2 class=\"elementor-heading-title elementor-size-default\">Voc\u00ea ainda n\u00e3o tem uma conta?<\/h2>\t\t<\/div>\n\t\t\t\t<\/div>\n\t\t\t\t<div class=\"elementor-element elementor-element-58d74d0 elementor-widget elementor-widget-heading\" data-id=\"58d74d0\" data-element_type=\"widget\" data-widget_type=\"heading.default\">\n\t\t\t\t<div class=\"elementor-widget-container\">\n\t\t\t<h2 class=\"elementor-heading-title elementor-size-default\">Cadastrar-se<\/h2>\t\t<\/div>\n\t\t\t\t<\/div>\n\t\t\t\t\t<\/div>\n\t\t\t\t<\/div>\n\t\t\t\t\t<\/div>\n\t\t\t\t<\/div>\n\t\t\t\t<\/div>\n\t\t\t\t<\/div>\n\t\t\t\t<\/div>\n\t\t","protected":false},"excerpt":{"rendered":"<p>Idioma: Portugu\u00eas Bem vindo(a)\u00e1 Onmx, sua plataformade design por assinatura Para continuar, preencha os campos abaixo e inicie sua sess\u00e3o. Lembrar da Senha Submit Voc\u00ea ainda n\u00e3o tem uma conta? Cadastrar-se Ol\u00e1, Pedro. Bem vindo(a) de volta. Para acessar o menu de sua conta, clique no bot\u00e3o abaixo Acessar Painel<\/p>\n","protected":false},"author":1,"featured_media":0,"parent":0,"menu_order":0,"comment_status":"closed","ping_status":"closed","template":"elementor_canvas","meta":{"inline_featured_image":false,"_jf_save_progress":"","footnotes":""},"acf":[],"_links":{"self":[{"href":"https:\/\/cliente.onmx.com.br\/index.php\/wp-json\/wp\/v2\/pages\/2985"}],"collection":[{"href":"https:\/\/cliente.onmx.com.br\/index.php\/wp-json\/wp\/v2\/pages"}],"about":[{"href":"https:\/\/cliente.onmx.com.br\/index.php\/wp-json\/wp\/v2\/types\/page"}],"author":[{"embeddable":true,"href":"https:\/\/cliente.onmx.com.br\/index.php\/wp-json\/wp\/v2\/users\/1"}],"replies":[{"embeddable":true,"href":"https:\/\/cliente.onmx.com.br\/index.php\/wp-json\/wp\/v2\/comments?post=2985"}],"version-history":[{"count":12,"href":"https:\/\/cliente.onmx.com.br\/index.php\/wp-json\/wp\/v2\/pages\/2985\/revisions"}],"predecessor-version":[{"id":4085,"href":"https:\/\/cliente.onmx.com.br\/index.php\/wp-json\/wp\/v2\/pages\/2985\/revisions\/4085"}],"wp:attachment":[{"href":"https:\/\/cliente.onmx.com.br\/index.php\/wp-json\/wp\/v2\/media?parent=2985"}],"curies":[{"name":"wp","href":"https:\/\/api.w.org\/{rel}","templated":true}]}}